{"id":17,"date":"2013-03-04T08:46:55","date_gmt":"2013-03-04T08:46:55","guid":{"rendered":"http:\/\/noclegi-lubliniec.pl\/?page_id=17"},"modified":"2025-04-04T09:36:21","modified_gmt":"2025-04-04T09:36:21","slug":"strona-glowna","status":"publish","type":"page","link":"https:\/\/noclegi-kochcice.pl\/","title":{"rendered":"Strona g\u0142\u00f3wna"},"content":{"rendered":"<p><strong>Pokoje go\u015bcinne \/ Noclegi &#8211; Kochcice, Lubliniec<\/strong><\/p>\n<p>Zapraszam Pa\u0144stwa do komfortowo wyposa\u017conych pokoi oraz apartamentu w <a href=\"https:\/\/meteor-turystyka.pl\/parkowa-kochcice,kochcice.html\" data-cke-saved-href=\"https:\/\/meteor-turystyka.pl\/parkowa-kochcice,kochcice.html\">naszym obiekcie<\/a> znajduj\u0105cym si\u0119 w Kochcicach w pobli\u017cu sanatorium-o\u015brodka rehabilitacji przy p\u00f3\u0142nocnej obwodnicy Lubli\u0144ca, trasa Cz\u0119stochowa &#8211; Opole, Bytom, Pozna\u0144,<br \/>\n4 km. od centrum Lubli\u0144ca<\/p>\n<p>Oferujemy:<br \/>\n&#8211; pokoje jedno, dwu, trzy oraz wieloosobowe, 25 &#8211; wszystkich miejsc noclegowych<br \/>\n&#8211; kuchnie z pe\u0142nym wyposa\u017ceniem &#8211; mo\u017cliwo\u015b\u0107 przygotowywania posi\u0142k\u00f3w<br \/>\n&#8211; \u0142azienki wyposa\u017cone w wanny i prysznice<br \/>\n&#8211; hall z wyj\u015bciem na du\u017cy balkon<br \/>\n&#8211; TV oraz Wi-Fi<br \/>\n&#8211; osobne wej\u015bcie<br \/>\n&#8211; mo\u017cliwo\u015b\u0107 grillowania na terenie obiektu<br \/>\n&#8211; mo\u017cliwo\u015b\u0107 parkowania na terenie obiektu &#8211; teren ogrodzony oraz bezp\u0142atnycena<br \/>\n&#8211; Zapraszam do wsp\u00f3\u0142pracy firmy &#8211; mo\u017cliwo\u015b\u0107 zaj\u0119cia ca\u0142ej jednej kondygnacji 130 m\/kw. &#8211; oko\u0142o 12 miejsc noclegowych<\/p>\n<p>&#8211; cena od osoby: 50 z\u0142. oraz 60 z\u0142. &#8211; w zale\u017cno\u015bci od ilo\u015bci os\u00f3b i dni pobytu.<\/p>\n<p>&#8211; najni\u017csza\u00a0 cena 35 z\u0142. za nocleg od osoby przy wi\u0119kszej grupie os\u00f3b na kilkumiesi\u0119czny okres.<\/p>\n","protected":false},"excerpt":{"rendered":"<p>Pokoje go\u015bcinne \/ Noclegi &#8211; Kochcice, Lubliniec Zapraszam Pa\u0144stwa do komfortowo wyposa\u017conych pokoi oraz apartamentu w naszym obiekcie znajduj\u0105cym si\u0119 w Kochcicach w pobli\u017cu sanatorium-o\u015brodka rehabilitacji przy p\u00f3\u0142nocnej obwodnicy Lubli\u0144ca, trasa Cz\u0119stochowa &#8211; Opole, Bytom, Pozna\u0144, 4 km. od centrum Lubli\u0144ca Oferujemy: &#8211; pokoje jedno, dwu, trzy oraz wieloosobowe, 25 &#8211; wszystkich miejsc noclegowych &#8211; [&hellip;]<\/p>\n","protected":false},"author":1,"featured_media":0,"parent":0,"menu_order":0,"comment_status":"closed","ping_status":"closed","template":"","meta":{"footnotes":""},"class_list":["post-17","page","type-page","status-publish","hentry"],"_links":{"self":[{"href":"https:\/\/noclegi-kochcice.pl\/index.php\/wp-json\/wp\/v2\/pages\/17"}],"collection":[{"href":"https:\/\/noclegi-kochcice.pl\/index.php\/wp-json\/wp\/v2\/pages"}],"about":[{"href":"https:\/\/noclegi-kochcice.pl\/index.php\/wp-json\/wp\/v2\/types\/page"}],"author":[{"embeddable":true,"href":"https:\/\/noclegi-kochcice.pl\/index.php\/wp-json\/wp\/v2\/users\/1"}],"replies":[{"embeddable":true,"href":"https:\/\/noclegi-kochcice.pl\/index.php\/wp-json\/wp\/v2\/comments?post=17"}],"version-history":[{"count":12,"href":"https:\/\/noclegi-kochcice.pl\/index.php\/wp-json\/wp\/v2\/pages\/17\/revisions"}],"predecessor-version":[{"id":127,"href":"https:\/\/noclegi-kochcice.pl\/index.php\/wp-json\/wp\/v2\/pages\/17\/revisions\/127"}],"wp:attachment":[{"href":"https:\/\/noclegi-kochcice.pl\/index.php\/wp-json\/wp\/v2\/media?parent=17"}],"curies":[{"name":"wp","href":"https:\/\/api.w.org\/{rel}","templated":true}]}}