{"id":60,"date":"2013-03-04T10:00:30","date_gmt":"2013-03-04T10:00:30","guid":{"rendered":"http:\/\/noclegi-lubliniec.pl\/?page_id=60"},"modified":"2025-03-12T14:29:03","modified_gmt":"2025-03-12T14:29:03","slug":"cennik","status":"publish","type":"page","link":"https:\/\/noclegi-kochcice.pl\/index.php\/cennik\/","title":{"rendered":"Cennik"},"content":{"rendered":"<p>Cena od 35 PLN za osob\u0119.<\/p>\n<p>Atrakcyjna cena i wygodna lokalizacja sprawiaj\u0105, \u017ce stanowimy dobr\u0105 alternatyw\u0119 dla nocleg\u00f3w w Lubli\u0144cu (<a href=\"https:\/\/meteor-turystyka.pl\/noclegi,lubliniec,0.html\" data-cke-saved-href=\"https:\/\/meteor-turystyka.pl\/noclegi,lubliniec,0.html\">sprawd\u017a tu<\/a>) &#8211; zapraszamy!<\/p>\n","protected":false},"excerpt":{"rendered":"<p>Cena od 35 PLN za osob\u0119. Atrakcyjna cena i wygodna lokalizacja sprawiaj\u0105, \u017ce stanowimy dobr\u0105 alternatyw\u0119 dla nocleg\u00f3w w Lubli\u0144cu (sprawd\u017a tu) &#8211; zapraszamy!<\/p>\n","protected":false},"author":1,"featured_media":0,"parent":0,"menu_order":0,"comment_status":"open","ping_status":"open","template":"","meta":{"footnotes":""},"class_list":["post-60","page","type-page","status-publish","hentry"],"_links":{"self":[{"href":"https:\/\/noclegi-kochcice.pl\/index.php\/wp-json\/wp\/v2\/pages\/60"}],"collection":[{"href":"https:\/\/noclegi-kochcice.pl\/index.php\/wp-json\/wp\/v2\/pages"}],"about":[{"href":"https:\/\/noclegi-kochcice.pl\/index.php\/wp-json\/wp\/v2\/types\/page"}],"author":[{"embeddable":true,"href":"https:\/\/noclegi-kochcice.pl\/index.php\/wp-json\/wp\/v2\/users\/1"}],"replies":[{"embeddable":true,"href":"https:\/\/noclegi-kochcice.pl\/index.php\/wp-json\/wp\/v2\/comments?post=60"}],"version-history":[{"count":4,"href":"https:\/\/noclegi-kochcice.pl\/index.php\/wp-json\/wp\/v2\/pages\/60\/revisions"}],"predecessor-version":[{"id":113,"href":"https:\/\/noclegi-kochcice.pl\/index.php\/wp-json\/wp\/v2\/pages\/60\/revisions\/113"}],"wp:attachment":[{"href":"https:\/\/noclegi-kochcice.pl\/index.php\/wp-json\/wp\/v2\/media?parent=60"}],"curies":[{"name":"wp","href":"https:\/\/api.w.org\/{rel}","templated":true}]}}