{"id":76,"date":"2013-03-22T13:57:23","date_gmt":"2013-03-22T13:57:23","guid":{"rendered":"http:\/\/noclegi-kochcice.pl\/?page_id=76"},"modified":"2015-01-15T10:55:55","modified_gmt":"2015-01-15T10:55:55","slug":"polityka-cookie","status":"publish","type":"page","link":"https:\/\/noclegi-kochcice.pl\/index.php\/polityka-cookie\/","title":{"rendered":"Polityka Cookie"},"content":{"rendered":"<p>W naszym serwisie korzystamy z informacji zapisywanych za pomoc\u0105 plik\u00f3w cookies. Korzystanie z serwisu bez zmiany ustawie\u0144 dotycz\u0105cych plik\u00f3w cookies oznacza, \u017ce b\u0119d\u0105 one zapisywane i przechowywane w urz\u0105dzeniu, z kt\u00f3rego korzystasz. Je\u017celi chcesz zmieni\u0107 ustawienia dotycz\u0105ce cookies, mo\u017cesz to zrobi\u0107 w ustawieniach swojej przegl\u0105darki internetowej.<\/p>\n<p>1. Serwis nie zbiera w spos\u00f3b automatyczny \u017cadnych informacji, z wyj\u0105tkiem informacji zawartych w plikach cookies.<\/p>\n<p>2.\u00a0Pliki cookies (tzw. ?ciasteczka?) stanowi\u0105 dane informatyczne, w szczeg\u00f3lno\u015bci pliki tekstowe, kt\u00f3re przechowywane s\u0105 w urz\u0105dzeniu ko\u0144cowym U\u017cytkownika Serwisu i przeznaczone s\u0105 do korzystania ze stron internetowych Serwisu. Cookies zazwyczaj zawieraj\u0105 nazw\u0119 strony internetowej, z kt\u00f3rej pochodz\u0105, czas przechowywania ich na urz\u0105dzeniu ko\u0144cowym oraz unikalny numer.<\/p>\n<p>3.\u00a0Podmiotem zamieszczaj\u0105cym\u00a0na urz\u0105dzeniu ko\u0144cowym U\u017cytkownika Serwisu pliki cookies oraz uzyskuj\u0105cym do nich dost\u0119p jest operator Serwisu <strong>Noclegi Kochcice<\/strong>\u00a0z siedzib\u0105 pod adresem\u00a0ul.Parkowa 28, 42-713 Kochcice.<\/p>\n<p>4.\u00a0Pliki cookies wykorzystywane s\u0105 w celu tworzenia statystyk, kt\u00f3re pomagaj\u0105 zrozumie\u0107, w jaki spos\u00f3b U\u017cytkownicy Serwisu korzystaj\u0105 ze stron internetowych, co umo\u017cliwia ulepszanie ich struktury i zawarto\u015bci.<\/p>\n<p>5.\u00a0W ramach Serwisu stosowane s\u0105 dwa zasadnicze rodzaje plik\u00f3w cookies: ?sesyjne?\u00a0(session cookies) oraz ?sta\u0142e? (persistent cookies). Cookies ?sesyjne? s\u0105 plikami tymczasowymi, kt\u00f3re przechowywane s\u0105 w urz\u0105dzeniu ko\u0144cowym U\u017cytkownika do czasu wylogowania, opuszczenia strony internetowej lub wy\u0142\u0105czenia oprogramowania (przegl\u0105darki internetowej). ?Sta\u0142e? pliki cookies przechowywane s\u0105 w urz\u0105dzeniu ko\u0144cowym U\u017cytkownika przez czas okre\u015blony w parametrach plik\u00f3w cookies lub do czasu ich usuni\u0119cia przez U\u017cytkownika.<\/p>\n<p><em id=\"__mceDel\"><br \/>\n<\/em>6.\u00a0W ramach Serwisu stosowane s\u0105 nast\u0119puj\u0105ce rodzaje plik\u00f3w cookies:<\/p>\n<p style=\"padding-left: 30px;\">a)\u00a0pliki cookies s\u0142u\u017c\u0105ce do zapewnienia bezpiecze\u0144stwa, np. wykorzystywane do wykrywania nadu\u017cy\u0107 w zakresie uwierzytelniania w ramach Serwisu;<\/p>\n<p style=\"padding-left: 30px;\">b)\u00a0?wydajno\u015bciowe? pliki cookies, umo\u017cliwiaj\u0105ce zbieranie informacji o sposobie korzystania ze stron internetowych Serwisu;<\/p>\n<p style=\"padding-left: 30px;\">c)\u00a0?statystyczne? pliki cookies, umo\u017cliwiaj\u0105 gromadzenie danych statystycznych zwi\u0105zanych z odwiedzinami naszej strony przez u\u017cytkownik\u00f3w;<\/p>\n<p>7. W wielu przypadkach oprogramowanie s\u0142u\u017c\u0105ce do przegl\u0105dania stron internetowych (przegl\u0105darka internetowa) domy\u015blnie dopuszcza przechowywanie plik\u00f3w cookies w urz\u0105dzeniu ko\u0144cowym U\u017cytkownika. U\u017cytkownicy Serwisu mog\u0105 dokona\u0107 w ka\u017cdym czasie zmiany ustawie\u0144 dotycz\u0105cych plik\u00f3w cookies. Ustawienia te mog\u0105 zosta\u0107 zmienione w szczeg\u00f3lno\u015bci w taki spos\u00f3b, aby blokowa\u0107 automatyczn\u0105 obs\u0142ug\u0119 plik\u00f3w cookies w ustawieniach przegl\u0105darki internetowej b\u0105d\u017a informowa\u0107 o ich ka\u017cdorazowym zamieszczeniu w urz\u0105dzeniu U\u017cytkownika Serwisu. Szczeg\u00f3\u0142owe informacje o mo\u017cliwo\u015bci i sposobach obs\u0142ugi plik\u00f3w cookies dost\u0119pne s\u0105 w ustawieniach oprogramowania (przegl\u0105darki internetowej).<\/p>\n<p>8.\u00a0Operator Serwisu informuje, \u017ce ograniczenia stosowania plik\u00f3w cookies mog\u0105 wp\u0142yn\u0105\u0107 na niekt\u00f3re funkcjonalno\u015bci dost\u0119pne na stronach internetowych Serwisu.<\/p>\n<p>9. Pliki cookies zamieszczane w urz\u0105dzeniu ko\u0144cowym U\u017cytkownika Serwisu i wykorzystywane mog\u0105 by\u0107 r\u00f3wnie\u017c przez wsp\u00f3\u0142pracuj\u0105cych z operatorem Serwisu reklamodawc\u00f3w oraz partner\u00f3w.<\/p>\n","protected":false},"excerpt":{"rendered":"<p>W naszym serwisie korzystamy z informacji zapisywanych za pomoc\u0105 plik\u00f3w cookies. Korzystanie z serwisu bez zmiany ustawie\u0144 dotycz\u0105cych plik\u00f3w cookies oznacza, \u017ce b\u0119d\u0105 one zapisywane i przechowywane w urz\u0105dzeniu, z kt\u00f3rego korzystasz. Je\u017celi chcesz zmieni\u0107 ustawienia dotycz\u0105ce cookies, mo\u017cesz to zrobi\u0107 w ustawieniach swojej przegl\u0105darki internetowej. 1. Serwis nie zbiera w spos\u00f3b automatyczny \u017cadnych informacji, [&hellip;]<\/p>\n","protected":false},"author":1,"featured_media":0,"parent":0,"menu_order":0,"comment_status":"closed","ping_status":"closed","template":"","meta":{"footnotes":""},"class_list":["post-76","page","type-page","status-publish","hentry"],"_links":{"self":[{"href":"https:\/\/noclegi-kochcice.pl\/index.php\/wp-json\/wp\/v2\/pages\/76"}],"collection":[{"href":"https:\/\/noclegi-kochcice.pl\/index.php\/wp-json\/wp\/v2\/pages"}],"about":[{"href":"https:\/\/noclegi-kochcice.pl\/index.php\/wp-json\/wp\/v2\/types\/page"}],"author":[{"embeddable":true,"href":"https:\/\/noclegi-kochcice.pl\/index.php\/wp-json\/wp\/v2\/users\/1"}],"replies":[{"embeddable":true,"href":"https:\/\/noclegi-kochcice.pl\/index.php\/wp-json\/wp\/v2\/comments?post=76"}],"version-history":[{"count":2,"href":"https:\/\/noclegi-kochcice.pl\/index.php\/wp-json\/wp\/v2\/pages\/76\/revisions"}],"predecessor-version":[{"id":88,"href":"https:\/\/noclegi-kochcice.pl\/index.php\/wp-json\/wp\/v2\/pages\/76\/revisions\/88"}],"wp:attachment":[{"href":"https:\/\/noclegi-kochcice.pl\/index.php\/wp-json\/wp\/v2\/media?parent=76"}],"curies":[{"name":"wp","href":"https:\/\/api.w.org\/{rel}","templated":true}]}}